{"id":94,"date":"2017-08-22T08:52:45","date_gmt":"2017-08-22T08:52:45","guid":{"rendered":"http:\/\/drgoncziagnes.hu\/?page_id=94"},"modified":"2022-01-29T16:06:10","modified_gmt":"2022-01-29T16:06:10","slug":"preambulum","status":"publish","type":"page","link":"https:\/\/drgoncziagnes.hu\/?page_id=94","title":{"rendered":"Preambulum"},"content":{"rendered":"<p><img loading=\"lazy\" decoding=\"async\" class=\"size-medium wp-image-58\" src=\"https:\/\/drgoncziagnes.hu\/wp-content\/uploads\/2017\/08\/P7200235-300x225.jpg\" alt=\"\" width=\"300\" height=\"225\" srcset=\"https:\/\/drgoncziagnes.hu\/wp-content\/uploads\/2017\/08\/P7200235-300x225.jpg 300w, https:\/\/drgoncziagnes.hu\/wp-content\/uploads\/2017\/08\/P7200235-768x576.jpg 768w, https:\/\/drgoncziagnes.hu\/wp-content\/uploads\/2017\/08\/P7200235-1024x768.jpg 1024w\" sizes=\"auto, (max-width: 300px) 100vw, 300px\" \/><\/p>\n<h4>T\u00e1j\u00e9koztatjuk, hogy ezen az internetes honlapon el\u00e9rhet\u0151 tartalmak, inform\u00e1ci\u00f3k nem min\u0151s\u00fclnek sem jogi, vagy egy\u00e9b tan\u00e1csad\u00e1snak, sem aj\u00e1nlatt\u00e9telnek, sem pedig aj\u00e1nlatt\u00e9telre t\u00f6rt\u00e9n\u0151 felh\u00edv\u00e1snak.<\/h4>\n<h4 style=\"text-align: justify;\">Ezt a honlapot a Miskolci \u00dcgyv\u00e9di Kamar\u00e1ban bejegyzett \u00fcgyv\u00e9d tartja fenn az \u00fcgyv\u00e9dekre vonatkoz\u00f3 jogszab\u00e1lyok \u00e9s bels\u0151 szab\u00e1lyzatok szerint&nbsp;<a href=\"http:\/\/www.miskolciugyvedikamara.hu\">http:\/\/www.miskolciugyvedikamara.hu<\/a>, melyek az \u00fcgyf\u00e9ljogokra vonatkoz\u00f3 t\u00e1j\u00e9koztat\u00e1ssal egy\u00fctt a&nbsp;<a href=\"http:\/\/www.magyarugyvedikamara.hu\">http:\/\/www.magyarugyvedikamara.hu<\/a> honlapon tal\u00e1lhat\u00f3ak.<\/h4>\n<h4 style=\"text-align: justify;\">A honlap kiz\u00e1r\u00f3lag azt a c\u00e9lt szolg\u00e1lja, hogy bemutassam \u00fcgyv\u00e9di irod\u00e1mat, \u00e9s arr\u00f3l \u00e1ltal\u00e1nos jelleg\u0171 inform\u00e1ci\u00f3val szolg\u00e1ljak. Jelen oldal az&nbsp; \u00fcgyv\u00e9di hivat\u00e1s etikai szab\u00e1lyair\u00f3l \u00e9s elv\u00e1r\u00e1sair\u00f3l sz\u00f3l\u00f3&nbsp;6\/2018. (III.26.) M\u00dcK Szab\u00e1lyzatban foglalt&nbsp;az \u00fcgyv\u00e9di honlap tartalm\u00e1r\u00f3l sz\u00f3l\u00f3 rendelkez\u00e9sek figyelembe v\u00e9ve k\u00e9sz\u00fclt.<\/h4>\n<h4 style=\"text-align: center;\" align=\"center\">Bern\u00e1tn\u00e9 dr. G\u00f6nczi \u00c1gnes \u00fcgyv\u00e9d<\/h4>\n","protected":false},"excerpt":{"rendered":"<p>T\u00e1j\u00e9koztatjuk, hogy ezen az internetes honlapon el\u00e9rhet\u0151 tartalmak, inform\u00e1ci\u00f3k nem min\u0151s\u00fclnek sem jogi, vagy egy\u00e9b tan\u00e1csad\u00e1snak, sem aj\u00e1nlatt\u00e9telnek, sem pedig aj\u00e1nlatt\u00e9telre t\u00f6rt\u00e9n\u0151 felh\u00edv\u00e1snak. Ezt a honlapot a Miskolci \u00dcgyv\u00e9di Kamar\u00e1ban bejegyzett \u00fcgyv\u00e9d tartja fenn az \u00fcgyv\u00e9dekre vonatkoz\u00f3 jogszab\u00e1lyok \u00e9s bels\u0151 szab\u00e1lyzatok szerint&nbsp;http:\/\/www.miskolciugyvedikamara.hu, melyek az \u00fcgyf\u00e9ljogokra vonatkoz\u00f3 t\u00e1j\u00e9koztat\u00e1ssal egy\u00fctt a&nbsp;http:\/\/www.magyarugyvedikamara.hu honlapon tal\u00e1lhat\u00f3ak. A honlap kiz\u00e1r\u00f3lag azt &hellip; <a href=\"https:\/\/drgoncziagnes.hu\/?page_id=94\" class=\"more-link\"><span class=\"screen-reader-text\">Preambulum<\/span> r\u00e9szletei&#8230;<\/a><\/p>\n","protected":false},"author":1,"featured_media":0,"parent":0,"menu_order":0,"comment_status":"closed","ping_status":"closed","template":"","meta":{"footnotes":""},"class_list":["post-94","page","type-page","status-publish","hentry"],"_links":{"self":[{"href":"https:\/\/drgoncziagnes.hu\/index.php?rest_route=\/wp\/v2\/pages\/94","targetHints":{"allow":["GET"]}}],"collection":[{"href":"https:\/\/drgoncziagnes.hu\/index.php?rest_route=\/wp\/v2\/pages"}],"about":[{"href":"https:\/\/drgoncziagnes.hu\/index.php?rest_route=\/wp\/v2\/types\/page"}],"author":[{"embeddable":true,"href":"https:\/\/drgoncziagnes.hu\/index.php?rest_route=\/wp\/v2\/users\/1"}],"replies":[{"embeddable":true,"href":"https:\/\/drgoncziagnes.hu\/index.php?rest_route=%2Fwp%2Fv2%2Fcomments&post=94"}],"version-history":[{"count":8,"href":"https:\/\/drgoncziagnes.hu\/index.php?rest_route=\/wp\/v2\/pages\/94\/revisions"}],"predecessor-version":[{"id":283,"href":"https:\/\/drgoncziagnes.hu\/index.php?rest_route=\/wp\/v2\/pages\/94\/revisions\/283"}],"wp:attachment":[{"href":"https:\/\/drgoncziagnes.hu\/index.php?rest_route=%2Fwp%2Fv2%2Fmedia&parent=94"}],"curies":[{"name":"wp","href":"https:\/\/api.w.org\/{rel}","templated":true}]}}