{"id":32,"date":"2017-07-10T18:31:22","date_gmt":"2017-07-10T18:31:22","guid":{"rendered":"http:\/\/drgoncziagnes.hu\/?page_id=32"},"modified":"2023-03-30T13:59:13","modified_gmt":"2023-03-30T13:59:13","slug":"kapcsolat","status":"publish","type":"page","link":"https:\/\/drgoncziagnes.hu\/?page_id=32","title":{"rendered":"Kapcsolat"},"content":{"rendered":"<h2><img loading=\"lazy\" decoding=\"async\" class=\"alignnone size-medium wp-image-79\" src=\"https:\/\/drgoncziagnes.hu\/wp-content\/uploads\/2017\/07\/okiratszerkeszt\u00e9s-300x200.jpg\" alt=\"\" width=\"300\" height=\"200\" srcset=\"https:\/\/drgoncziagnes.hu\/wp-content\/uploads\/2017\/07\/okiratszerkeszt\u00e9s-300x200.jpg 300w, https:\/\/drgoncziagnes.hu\/wp-content\/uploads\/2017\/07\/okiratszerkeszt\u00e9s-768x512.jpg 768w, https:\/\/drgoncziagnes.hu\/wp-content\/uploads\/2017\/07\/okiratszerkeszt\u00e9s-1024x683.jpg 1024w, https:\/\/drgoncziagnes.hu\/wp-content\/uploads\/2017\/07\/okiratszerkeszt\u00e9s.jpg 1920w\" sizes=\"auto, (max-width: 300px) 100vw, 300px\" \/><\/h2>\n<h2>Bern\u00e1tn\u00e9 dr. G\u00f6nczi \u00c1gnes \u00fcgyv\u00e9d<\/h2>\n<p>E-mail:<br \/>\n<strong>drberniagi@gmail.com<\/strong><br \/>\nTelefon \u00e9s fax:<br \/>\n<strong>+36 46 382 033<\/strong><br \/>\n<strong>+36 20 357 6266<\/strong><\/p>\n<p><strong>Iroda: <\/strong><\/p>\n<ul>\n<li><strong>3525 Miskolc, Szentp\u00e1li u. 13. Fszt\/4<\/strong><\/li>\n<\/ul>\n\n\t\t<div id=\"intergeo_mapADN\" class=\"intergeo_map_canvas\" style=\"width:100%;height:300px;width:100%;height:300px;\"><\/div>\n\t\t<script type=\"text\/javascript\">\n\t\t\t\/* <![CDATA[ *\/\n\t\t\tif (!window.intergeo_maps) window.intergeo_maps = [];\n\t\t\twindow.intergeo_maps.push( { container: 'intergeo_mapADN', options: {\"lat\":48.104765,\"lng\":20.788364,\"zoom\":15,\"overlays\":{\"marker\":[{\"position\":[\"48.104746\",\"20.788374\"],\"icon\":false,\"info\":\"\",\"title\":\"\",\"loc\":\"3518 Miskolc, Kod\\u00e1ly Zolt\\u00e1n Street 1\\\/a, Hungary\"}]}} } );\n\t\t\tif (!window.intergeo_maps_current) window.intergeo_maps_current = null;\n\t\t\t\/* ]]> *\/\n\t\t<\/script>\n\t\t\n","protected":false},"excerpt":{"rendered":"<p>Bern\u00e1tn\u00e9 dr. G\u00f6nczi \u00c1gnes \u00fcgyv\u00e9d E-mail: drberniagi@gmail.com Telefon \u00e9s fax: +36 46 382 033 +36 20 357 6266 Iroda: 3525 Miskolc, Szentp\u00e1li u. 13. Fszt\/4<\/p>\n","protected":false},"author":1,"featured_media":0,"parent":0,"menu_order":0,"comment_status":"closed","ping_status":"closed","template":"","meta":{"footnotes":""},"class_list":["post-32","page","type-page","status-publish","hentry"],"_links":{"self":[{"href":"https:\/\/drgoncziagnes.hu\/index.php?rest_route=\/wp\/v2\/pages\/32","targetHints":{"allow":["GET"]}}],"collection":[{"href":"https:\/\/drgoncziagnes.hu\/index.php?rest_route=\/wp\/v2\/pages"}],"about":[{"href":"https:\/\/drgoncziagnes.hu\/index.php?rest_route=\/wp\/v2\/types\/page"}],"author":[{"embeddable":true,"href":"https:\/\/drgoncziagnes.hu\/index.php?rest_route=\/wp\/v2\/users\/1"}],"replies":[{"embeddable":true,"href":"https:\/\/drgoncziagnes.hu\/index.php?rest_route=%2Fwp%2Fv2%2Fcomments&post=32"}],"version-history":[{"count":8,"href":"https:\/\/drgoncziagnes.hu\/index.php?rest_route=\/wp\/v2\/pages\/32\/revisions"}],"predecessor-version":[{"id":286,"href":"https:\/\/drgoncziagnes.hu\/index.php?rest_route=\/wp\/v2\/pages\/32\/revisions\/286"}],"wp:attachment":[{"href":"https:\/\/drgoncziagnes.hu\/index.php?rest_route=%2Fwp%2Fv2%2Fmedia&parent=32"}],"curies":[{"name":"wp","href":"https:\/\/api.w.org\/{rel}","templated":true}]}}