{"id":255,"date":"2022-01-24T15:03:52","date_gmt":"2022-01-24T15:03:52","guid":{"rendered":"https:\/\/drgoncziagnes.hu\/?page_id=255"},"modified":"2025-04-11T19:08:57","modified_gmt":"2025-04-11T19:08:57","slug":"peres-kepviselet-ellatasa","status":"publish","type":"page","link":"https:\/\/drgoncziagnes.hu\/?page_id=255","title":{"rendered":"Peres k\u00e9pviselet ell\u00e1t\u00e1sa"},"content":{"rendered":"\n<div class=\"wp-block-columns are-vertically-aligned-top is-layout-flex wp-container-core-columns-is-layout-1 wp-block-columns-is-layout-flex\">\n<div class=\"wp-block-column is-vertically-aligned-top is-layout-flow wp-block-column-is-layout-flow\" style=\"flex-basis:70%\">\n<figure class=\"wp-block-image size-large\"><img loading=\"lazy\" decoding=\"async\" width=\"259\" height=\"194\" src=\"https:\/\/drgoncziagnes.hu\/wp-content\/uploads\/2017\/08\/images-1.jpg\" alt=\"\" class=\"wp-image-107\"\/><\/figure>\n<\/div>\n\n\n\n<div class=\"wp-block-column is-vertically-aligned-top is-layout-flow wp-block-column-is-layout-flow\">\n<p style=\"font-size:15px\"><em><strong>A polg\u00e1ri jog valamennyi ter\u00fclet\u00e9n v\u00e1llalom peres k\u00e9pviselet ell\u00e1t\u00e1s\u00e1t.<\/strong><\/em><\/p>\n\n\n\n<hr class=\"wp-block-separator has-text-color has-dark-gray-color has-css-opacity has-dark-gray-background-color has-background is-style-wide\"\/>\n<\/div>\n<\/div>\n\n\n\n<p><\/p>\n","protected":false},"excerpt":{"rendered":"<p>A polg\u00e1ri jog valamennyi ter\u00fclet\u00e9n v\u00e1llalom peres k\u00e9pviselet ell\u00e1t\u00e1s\u00e1t.<\/p>\n","protected":false},"author":2,"featured_media":0,"parent":0,"menu_order":0,"comment_status":"closed","ping_status":"closed","template":"","meta":{"footnotes":""},"class_list":["post-255","page","type-page","status-publish","hentry"],"_links":{"self":[{"href":"https:\/\/drgoncziagnes.hu\/index.php?rest_route=\/wp\/v2\/pages\/255","targetHints":{"allow":["GET"]}}],"collection":[{"href":"https:\/\/drgoncziagnes.hu\/index.php?rest_route=\/wp\/v2\/pages"}],"about":[{"href":"https:\/\/drgoncziagnes.hu\/index.php?rest_route=\/wp\/v2\/types\/page"}],"author":[{"embeddable":true,"href":"https:\/\/drgoncziagnes.hu\/index.php?rest_route=\/wp\/v2\/users\/2"}],"replies":[{"embeddable":true,"href":"https:\/\/drgoncziagnes.hu\/index.php?rest_route=%2Fwp%2Fv2%2Fcomments&post=255"}],"version-history":[{"count":5,"href":"https:\/\/drgoncziagnes.hu\/index.php?rest_route=\/wp\/v2\/pages\/255\/revisions"}],"predecessor-version":[{"id":306,"href":"https:\/\/drgoncziagnes.hu\/index.php?rest_route=\/wp\/v2\/pages\/255\/revisions\/306"}],"wp:attachment":[{"href":"https:\/\/drgoncziagnes.hu\/index.php?rest_route=%2Fwp%2Fv2%2Fmedia&parent=255"}],"curies":[{"name":"wp","href":"https:\/\/api.w.org\/{rel}","templated":true}]}}