{"id":24,"date":"2017-07-10T18:29:13","date_gmt":"2017-07-10T18:29:13","guid":{"rendered":"http:\/\/drgoncziagnes.hu\/?page_id=24"},"modified":"2022-01-29T16:05:30","modified_gmt":"2022-01-29T16:05:30","slug":"szolgaltatasok","status":"publish","type":"page","link":"https:\/\/drgoncziagnes.hu\/?page_id=24","title":{"rendered":"B\u00fcntet\u0151 \u00fcgyekben k\u00e9pviselet"},"content":{"rendered":"<h1>&nbsp;<strong><img loading=\"lazy\" decoding=\"async\" class=\"alignnone size-medium wp-image-64\" src=\"https:\/\/drgoncziagnes.hu\/wp-content\/uploads\/2017\/07\/B\u00fcntet\u0151-\u00fcgyekben-k\u00e9pviselet--300x200.jpg\" alt=\"\" width=\"300\" height=\"200\" srcset=\"https:\/\/drgoncziagnes.hu\/wp-content\/uploads\/2017\/07\/B\u00fcntet\u0151-\u00fcgyekben-k\u00e9pviselet--300x200.jpg 300w, https:\/\/drgoncziagnes.hu\/wp-content\/uploads\/2017\/07\/B\u00fcntet\u0151-\u00fcgyekben-k\u00e9pviselet--768x512.jpg 768w, https:\/\/drgoncziagnes.hu\/wp-content\/uploads\/2017\/07\/B\u00fcntet\u0151-\u00fcgyekben-k\u00e9pviselet--1024x683.jpg 1024w, https:\/\/drgoncziagnes.hu\/wp-content\/uploads\/2017\/07\/B\u00fcntet\u0151-\u00fcgyekben-k\u00e9pviselet-.jpg 1920w\" sizes=\"auto, (max-width: 300px) 100vw, 300px\" \/><\/strong><\/h1>\n<h1><strong>B\u00fcntet\u0151 \u00e9s szab\u00e1lys\u00e9rt\u00e9si \u00fcgyekben t\u00f6rt\u00e9n\u0151 k\u00e9pviselet<\/strong><\/h1>\n<p>1992. \u00f3ta rendelkezem a&nbsp;<strong>b\u00fcntet\u0151jog&nbsp;<\/strong>ter\u00fclet\u00e9n gyakorlattal Miskolcon \u00e9s vonz\u00e1sk\u00f6rzet\u00e9ben, 1996-t\u00f3l praktiz\u00e1lok\u00fcgyv\u00e9dk\u00e9nt.<\/p>\n<p>V\u00e1llalom valemennyi <strong>b\u00fcntet\u0151 \u00fcgyekben<\/strong> elj\u00e1r\u00f3 hat\u00f3s\u00e1g el\u0151tti v\u00e9delem ell\u00e1t\u00e1s\u00e1t, <strong>szab\u00e1lys\u00e9rt\u00e9si elj\u00e1r\u00e1sokban<\/strong> t\u00f6rt\u00e9n\u0151 elj\u00e1r\u00e1st, <strong>tan\u00fa jogi<\/strong> k\u00e9pviselet\u00e9t, \u00e9s<strong> s\u00e9rtetti<\/strong> k\u00e9pviseletet is.<\/p>\n<p>Amennyiben \u00d6nnel szemben b\u00fcntet\u0151 vagy szab\u00e1lys\u00e9rt\u00e9si elj\u00e1r\u00e1s indul, konzult\u00e1ljon velem!<\/p>\n<p>Elengedhetetlen, hogy tiszt\u00e1ban legyen azzal, milyen jogok \u00e9s k\u00f6telezetts\u00e9gek illetik meg \u00e9s terhelik \u00d6nt az elj\u00e1r\u00e1s sor\u00e1n! Ebben hathat\u00f3s seg\u00edts\u00e9g\u00e9re lehetek m\u00e9g akkor is, ha az els\u0151 konzult\u00e1ci\u00f3t k\u00f6vet\u0151en nem sz\u00fcletik megb\u00edz\u00e1si szerz\u0151d\u00e9s k\u00f6z\u00f6tt\u00fcnk, azaz \u00d6n \u00fagy d\u00f6nt, hogy valamennyi \u00d6n sz\u00e1m\u00e1ra fontos inform\u00e1ci\u00f3 birtok\u00e1ba ker\u00fclt \u00e9s egyenl\u0151re nem k\u00edv\u00e1n v\u00e9d\u0151t megb\u00edzni, vagy nincs sz\u00fcks\u00e9ge \u00fcgyv\u00e9dre.<\/p>\n<p>Ez az ut\u00f3bbi eset term\u00e9szetesen csak akkor m\u0171k\u00f6dhet, ha a t\u00f6rv\u00e9nyben el\u0151\u00edrtak szerint nem \u00e1ll fenn a k\u00f6telez\u0151 v\u00e9delem esete. Ekkor ugyanis a hat\u00f3s\u00e1g v\u00e9d\u0151t rendel ki&nbsp; az \u00d6n r\u00e9sz\u00e9re, aki az elj\u00e1r\u00e1s sor\u00e1n ell\u00e1tja a t\u00f6rv\u00e9nyben foglalt k\u00f6telezetts\u00e9geit.<\/p>\n<p>Az \u00faj b\u00fcntet\u0151 elj\u00e1r\u00e1si szab\u00e1lyok saj\u00e1toss\u00e1ga folyt\u00e1n azonban nem biztos, hogy minden nyomozati cselekm\u00e9ny alkalm\u00e1val ugyanazzal a kirendelt v\u00e9d\u0151vel fog tal\u00e1lkozni, \u00edgy esetleg mire az elj\u00e1r\u00e1s v\u00e9get \u00e9r t\u00f6bb \u00fcgyv\u00e9d is el fog j\u00e1rni az \u00d6n \u00e9rdek\u00e9ben.<\/p>\n<p>Amennyiben megtisztel a bizalm\u00e1val, \u00fagy az \u00d6nnel szemben foly\u00f3, vagy \u00d6nnel kapcsolatos elj\u00e1r\u00e1sban szem\u00e9lyesen fogom ell\u00e1tni a v\u00e9delm\u00e9t, \u00e9s megteszek minden sz\u00fcks\u00e9ges int\u00e9zked\u00e9st ahhoz, hogy a jogi lehet\u0151s\u00e9gekhez k\u00e9pest az \u00d6n sz\u00e1m\u00e1ra megfelel\u0151bb eredm\u00e9nyt \u00e9rj\u00fck el.<\/p>\n","protected":false},"excerpt":{"rendered":"<p>&nbsp; B\u00fcntet\u0151 \u00e9s szab\u00e1lys\u00e9rt\u00e9si \u00fcgyekben t\u00f6rt\u00e9n\u0151 k\u00e9pviselet 1992. \u00f3ta rendelkezem a&nbsp;b\u00fcntet\u0151jog&nbsp;ter\u00fclet\u00e9n gyakorlattal Miskolcon \u00e9s vonz\u00e1sk\u00f6rzet\u00e9ben, 1996-t\u00f3l praktiz\u00e1lok\u00fcgyv\u00e9dk\u00e9nt. V\u00e1llalom valemennyi b\u00fcntet\u0151 \u00fcgyekben elj\u00e1r\u00f3 hat\u00f3s\u00e1g el\u0151tti v\u00e9delem ell\u00e1t\u00e1s\u00e1t, szab\u00e1lys\u00e9rt\u00e9si elj\u00e1r\u00e1sokban t\u00f6rt\u00e9n\u0151 elj\u00e1r\u00e1st, tan\u00fa jogi k\u00e9pviselet\u00e9t, \u00e9s s\u00e9rtetti k\u00e9pviseletet is. Amennyiben \u00d6nnel szemben b\u00fcntet\u0151 vagy szab\u00e1lys\u00e9rt\u00e9si elj\u00e1r\u00e1s indul, konzult\u00e1ljon velem! Elengedhetetlen, hogy tiszt\u00e1ban legyen azzal, milyen jogok \u00e9s &hellip; <a href=\"https:\/\/drgoncziagnes.hu\/?page_id=24\" class=\"more-link\"><span class=\"screen-reader-text\">B\u00fcntet\u0151 \u00fcgyekben k\u00e9pviselet<\/span> r\u00e9szletei&#8230;<\/a><\/p>\n","protected":false},"author":1,"featured_media":0,"parent":0,"menu_order":0,"comment_status":"closed","ping_status":"closed","template":"","meta":{"footnotes":""},"class_list":["post-24","page","type-page","status-publish","hentry"],"_links":{"self":[{"href":"https:\/\/drgoncziagnes.hu\/index.php?rest_route=\/wp\/v2\/pages\/24","targetHints":{"allow":["GET"]}}],"collection":[{"href":"https:\/\/drgoncziagnes.hu\/index.php?rest_route=\/wp\/v2\/pages"}],"about":[{"href":"https:\/\/drgoncziagnes.hu\/index.php?rest_route=\/wp\/v2\/types\/page"}],"author":[{"embeddable":true,"href":"https:\/\/drgoncziagnes.hu\/index.php?rest_route=\/wp\/v2\/users\/1"}],"replies":[{"embeddable":true,"href":"https:\/\/drgoncziagnes.hu\/index.php?rest_route=%2Fwp%2Fv2%2Fcomments&post=24"}],"version-history":[{"count":7,"href":"https:\/\/drgoncziagnes.hu\/index.php?rest_route=\/wp\/v2\/pages\/24\/revisions"}],"predecessor-version":[{"id":281,"href":"https:\/\/drgoncziagnes.hu\/index.php?rest_route=\/wp\/v2\/pages\/24\/revisions\/281"}],"wp:attachment":[{"href":"https:\/\/drgoncziagnes.hu\/index.php?rest_route=%2Fwp%2Fv2%2Fmedia&parent=24"}],"curies":[{"name":"wp","href":"https:\/\/api.w.org\/{rel}","templated":true}]}}